{"id":1910,"date":"2016-09-26T14:49:30","date_gmt":"2016-09-26T17:49:30","guid":{"rendered":"http:\/\/lupasantiago.capim.art.br\/en\/?page_id=1910"},"modified":"2023-03-22T12:58:44","modified_gmt":"2023-03-22T15:58:44","slug":"bio","status":"publish","type":"page","link":"https:\/\/lupasantiago.com\/en\/bio\/","title":{"rendered":"Bio"},"content":{"rendered":"<h4>Lupa Santiago<\/h4>\n<h6>Guitarist &amp; Composer<\/h6>\n<p>&nbsp;<\/p>\n<p>Lupa Santiago released 24 cd\u2019s, as leader\/co-leader, his first cd\u00a0Images (2001) was\u00a0indicated for the Latin\u00a0Grammy.<\/p>\n<p>Performances and\/or recordings in more then 40 countries, including USA, Europe South America Africa,with: David Binney, John Escreet, Jerry Bergonzi, Bill Pierce, Jaleel Shaw, Dave Liebman, Didier Lockwood, Gary Willys, Magos Herrera, Ronan Guilfoyle, Oscar Stagnaro, Jamey Haddad, Vincent Gardner, Ohad Talmor, Benoit Sourisse, Andr\u00e9 Charlier, Jarmo Savolainen, David Pietro, Ed Neumeister to name a few.<\/p>\n<p>In addition, in Brazil, some of the artists and groups he has worked \u00a0with include Roberto Menescal, Mauricio Einhorn, Idriss Boudrioua, Cuca Teixeira, Nelson Faria, Siz\u00e3o Machado, Vinicius Dorin, Edu Ribeiro, Helio Alves, Daniel D\u2019Alc\u00e2ntara, Rog\u00e9rio Bocato, Sergio Galvao and Nen\u00ea .<\/p>\n<p>Lupa Santiago has a Master\u2019s Degree from The Boston Conservatory\u00a0&amp;\u00a0Berklee College Of Music (Boston, USA) graduated from\u00a0 Berklee College Of Music and graduated from\u00a0 Musicians Institute (GIT\/Los Angeles, USA). \u00a0Since July 2010, member of the IASJ board of\u00a0directors\u00a0 (International Association of Schools of Jazz).<\/p>\n<p>Lupa Santiago is the Coordinator of the Souza Lima Conservatory, Lupa teaches master classes and released two instructional dvd\u00b4s, Modern Improvisation I and II, and three books Modern Improvisation I, Odd Meters in Brazilian Music (Play Along) and Dictionary of Chords and Voice Leading (Advance Music\/Editora Souza Lima). Member of the Judges of the Festival Best Musical Mind (Belgrade \/ Serbia 2016). Lupa also has a Radio Jazz Show every week. (Radio Eldorado, one of the major stations in Sao Paulo) and a podcast called O Lado Bom in all plataforms, Lupa is also a Brazilian curator for the Australian video platform Oh Jazz.<\/p>\n<p>&nbsp;<\/p>\n<p>www.lupasantiago.com<br \/>\nlupasantiago@lupasantiago.com<\/p>\n<p>Lupa Santiago uses : Sadowsky Archtops, Vox Amps, La Bella Strings, Adriano Guerra Archtops and Elfrink Archtops<\/p>\n<p style=\"text-align: left;\"><div class=\"fitsc-space\" style=\"height: 50px\"><\/div>\n<p style=\"text-align: justify;\"><div class=\"fitsc-albums releases row\"><div class=\"col-xs-6 col-sm-6 col-md-3 post-22790 album type-album status-publish has-post-thumbnail hentry\">\n\t\t\t\t\t<a href=\"https:\/\/lupasantiago.com\/en\/album\/cantando-vitoria\/\" class=\"album-cover\"><img decoding=\"async\" data-src=\"https:\/\/lupasantiago.com\/wp-content\/smush-webp\/2020\/02\/CANTANDO-VITORIA-RGB-WEB-263x263.png.webp\" alt=\"Cantando Vit\u00f3ria\" src=\"data:image\/svg+xml;base64,PHN2ZyB3aWR0aD0iMSIgaGVpZ2h0PSIxIiB4bWxucz0iaHR0cDovL3d3dy53My5vcmcvMjAwMC9zdmciPjwvc3ZnPg==\" class=\"lazyload\" style=\"--smush-placeholder-width: 263px; --smush-placeholder-aspect-ratio: 263\/263;\"><\/a>\n\t\t\t\t\t<h3><a href=\"https:\/\/lupasantiago.com\/en\/album\/cantando-vitoria\/\">Cantando Vit\u00f3ria<\/a><\/h3>\n\t\t\t\t\t\n\t\t\t\t<\/div><div class=\"col-xs-6 col-sm-6 col-md-3 post-22789 album type-album status-publish has-post-thumbnail hentry\">\n\t\t\t\t\t<a href=\"https:\/\/lupasantiago.com\/en\/album\/sur\/\" class=\"album-cover\"><img decoding=\"async\" data-src=\"https:\/\/lupasantiago.com\/wp-content\/smush-webp\/2020\/04\/capa_sur-263x263.png.webp\" alt=\"Sur\" src=\"data:image\/svg+xml;base64,PHN2ZyB3aWR0aD0iMSIgaGVpZ2h0PSIxIiB4bWxucz0iaHR0cDovL3d3dy53My5vcmcvMjAwMC9zdmciPjwvc3ZnPg==\" class=\"lazyload\" style=\"--smush-placeholder-width: 263px; --smush-placeholder-aspect-ratio: 263\/263;\"><\/a>\n\t\t\t\t\t<h3><a href=\"https:\/\/lupasantiago.com\/en\/album\/sur\/\">Sur<\/a><\/h3>\n\t\t\t\t\t\n\t\t\t\t<\/div><div class=\"col-xs-6 col-sm-6 col-md-3 post-21954 album type-album status-publish has-post-thumbnail hentry\">\n\t\t\t\t\t<a href=\"https:\/\/lupasantiago.com\/en\/album\/2x2\/\" class=\"album-cover\"><img decoding=\"async\" data-src=\"https:\/\/lupasantiago.com\/wp-content\/smush-webp\/2018\/02\/1-Lupa-Front-Cover-263x263.jpg.webp\" alt=\"2&#215;2\" src=\"data:image\/svg+xml;base64,PHN2ZyB3aWR0aD0iMSIgaGVpZ2h0PSIxIiB4bWxucz0iaHR0cDovL3d3dy53My5vcmcvMjAwMC9zdmciPjwvc3ZnPg==\" class=\"lazyload\" style=\"--smush-placeholder-width: 263px; --smush-placeholder-aspect-ratio: 263\/263;\"><\/a>\n\t\t\t\t\t<h3><a href=\"https:\/\/lupasantiago.com\/en\/album\/2x2\/\">2&#215;2<\/a><\/h3>\n\t\t\t\t\t\n\t\t\t\t<\/div><div class=\"col-xs-6 col-sm-6 col-md-3 post-21943 album type-album status-publish has-post-thumbnail hentry\">\n\t\t\t\t\t<a href=\"https:\/\/lupasantiago.com\/en\/album\/inside-turnabout\/\" class=\"album-cover\"><img decoding=\"async\" data-src=\"https:\/\/lupasantiago.com\/wp-content\/smush-webp\/2018\/02\/inside-turnabout-263x263.png.webp\" alt=\"Inside Turnabout\" src=\"data:image\/svg+xml;base64,PHN2ZyB3aWR0aD0iMSIgaGVpZ2h0PSIxIiB4bWxucz0iaHR0cDovL3d3dy53My5vcmcvMjAwMC9zdmciPjwvc3ZnPg==\" class=\"lazyload\" style=\"--smush-placeholder-width: 263px; --smush-placeholder-aspect-ratio: 263\/263;\"><\/a>\n\t\t\t\t\t<h3><a href=\"https:\/\/lupasantiago.com\/en\/album\/inside-turnabout\/\">Inside Turnabout<\/a><\/h3>\n\t\t\t\t\t\n\t\t\t\t<\/div><\/div>\n<p style=\"text-align: left;\"><div style=\"text-align:center\"><a href='http:\/\/lupasantiago.capim.art.br\/discografia\/' class='fitsc-button fitsc-align-center'>All Discography<\/a><\/div>\n","protected":false},"excerpt":{"rendered":"<p>Lupa Santiago Guitarist &amp; Composer &nbsp; Lupa Santiago released 24 cd\u2019s, as leader\/co-leader, his first cd\u00a0Images (2001) was\u00a0indicated for the Latin\u00a0Grammy. Performances and\/or recordings in more then 40 countries, including USA, Europe South America Africa,with: David Binney, John Escreet, Jerry Bergonzi, Bill Pierce, Jaleel Shaw, Dave Liebman, Didier Lockwood, Gary Willys, Magos Herrera, Ronan Guilfoyle, [&hellip;]<\/p>\n","protected":false},"author":15,"featured_media":0,"parent":0,"menu_order":0,"comment_status":"closed","ping_status":"closed","template":"","meta":{"footnotes":""},"class_list":["post-1910","page","type-page","status-publish","hentry"],"yoast_head":"<!-- This site is optimized with the Yoast SEO plugin v27.4 - https:\/\/yoast.com\/product\/yoast-seo-wordpress\/ -->\n<title>Bio - Lupa Santiago<\/title>\n<meta name=\"robots\" content=\"index, follow, max-snippet:-1, max-image-preview:large, max-video-preview:-1\" \/>\n<link rel=\"canonical\" href=\"https:\/\/lupasantiago.com\/en\/bio\/\" \/>\n<meta property=\"og:locale\" content=\"en_US\" \/>\n<meta property=\"og:type\" content=\"article\" \/>\n<meta property=\"og:title\" content=\"Bio - Lupa Santiago\" \/>\n<meta property=\"og:description\" content=\"Lupa Santiago Guitarist &amp; Composer &nbsp; Lupa Santiago released 24 cd\u2019s, as leader\/co-leader, his first cd\u00a0Images (2001) was\u00a0indicated for the Latin\u00a0Grammy. Performances and\/or recordings in more then 40 countries, including USA, Europe South America Africa,with: David Binney, John Escreet, Jerry Bergonzi, Bill Pierce, Jaleel Shaw, Dave Liebman, Didier Lockwood, Gary Willys, Magos Herrera, Ronan Guilfoyle, [&hellip;]\" \/>\n<meta property=\"og:url\" content=\"https:\/\/lupasantiago.com\/en\/bio\/\" \/>\n<meta property=\"og:site_name\" content=\"Lupa Santiago\" \/>\n<meta property=\"article:modified_time\" content=\"2023-03-22T15:58:44+00:00\" \/>\n<meta name=\"twitter:card\" content=\"summary_large_image\" \/>\n<meta name=\"twitter:label1\" content=\"Est. reading time\" \/>\n\t<meta name=\"twitter:data1\" content=\"2 minutes\" \/>\n<script type=\"application\/ld+json\" class=\"yoast-schema-graph\">{\"@context\":\"https:\\\/\\\/schema.org\",\"@graph\":[{\"@type\":\"WebPage\",\"@id\":\"https:\\\/\\\/lupasantiago.com\\\/en\\\/bio\\\/\",\"url\":\"https:\\\/\\\/lupasantiago.com\\\/en\\\/bio\\\/\",\"name\":\"Bio - Lupa Santiago\",\"isPartOf\":{\"@id\":\"https:\\\/\\\/lupasantiago.com\\\/en\\\/#website\"},\"datePublished\":\"2016-09-26T17:49:30+00:00\",\"dateModified\":\"2023-03-22T15:58:44+00:00\",\"breadcrumb\":{\"@id\":\"https:\\\/\\\/lupasantiago.com\\\/en\\\/bio\\\/#breadcrumb\"},\"inLanguage\":\"en-US\",\"potentialAction\":[{\"@type\":\"ReadAction\",\"target\":[\"https:\\\/\\\/lupasantiago.com\\\/en\\\/bio\\\/\"]}]},{\"@type\":\"BreadcrumbList\",\"@id\":\"https:\\\/\\\/lupasantiago.com\\\/en\\\/bio\\\/#breadcrumb\",\"itemListElement\":[{\"@type\":\"ListItem\",\"position\":1,\"name\":\"In\u00edcio\",\"item\":\"https:\\\/\\\/lupasantiago.com\\\/en\\\/home\\\/\"},{\"@type\":\"ListItem\",\"position\":2,\"name\":\"Bio\"}]},{\"@type\":\"WebSite\",\"@id\":\"https:\\\/\\\/lupasantiago.com\\\/en\\\/#website\",\"url\":\"https:\\\/\\\/lupasantiago.com\\\/en\\\/\",\"name\":\"Lupa Santiago\",\"description\":\"Jazz guitar\",\"potentialAction\":[{\"@type\":\"SearchAction\",\"target\":{\"@type\":\"EntryPoint\",\"urlTemplate\":\"https:\\\/\\\/lupasantiago.com\\\/en\\\/?s={search_term_string}\"},\"query-input\":{\"@type\":\"PropertyValueSpecification\",\"valueRequired\":true,\"valueName\":\"search_term_string\"}}],\"inLanguage\":\"en-US\"}]}<\/script>\n<!-- \/ Yoast SEO plugin. -->","yoast_head_json":{"title":"Bio - Lupa Santiago","robots":{"index":"index","follow":"follow","max-snippet":"max-snippet:-1","max-image-preview":"max-image-preview:large","max-video-preview":"max-video-preview:-1"},"canonical":"https:\/\/lupasantiago.com\/en\/bio\/","og_locale":"en_US","og_type":"article","og_title":"Bio - Lupa Santiago","og_description":"Lupa Santiago Guitarist &amp; Composer &nbsp; Lupa Santiago released 24 cd\u2019s, as leader\/co-leader, his first cd\u00a0Images (2001) was\u00a0indicated for the Latin\u00a0Grammy. Performances and\/or recordings in more then 40 countries, including USA, Europe South America Africa,with: David Binney, John Escreet, Jerry Bergonzi, Bill Pierce, Jaleel Shaw, Dave Liebman, Didier Lockwood, Gary Willys, Magos Herrera, Ronan Guilfoyle, [&hellip;]","og_url":"https:\/\/lupasantiago.com\/en\/bio\/","og_site_name":"Lupa Santiago","article_modified_time":"2023-03-22T15:58:44+00:00","twitter_card":"summary_large_image","twitter_misc":{"Est. reading time":"2 minutes"},"schema":{"@context":"https:\/\/schema.org","@graph":[{"@type":"WebPage","@id":"https:\/\/lupasantiago.com\/en\/bio\/","url":"https:\/\/lupasantiago.com\/en\/bio\/","name":"Bio - Lupa Santiago","isPartOf":{"@id":"https:\/\/lupasantiago.com\/en\/#website"},"datePublished":"2016-09-26T17:49:30+00:00","dateModified":"2023-03-22T15:58:44+00:00","breadcrumb":{"@id":"https:\/\/lupasantiago.com\/en\/bio\/#breadcrumb"},"inLanguage":"en-US","potentialAction":[{"@type":"ReadAction","target":["https:\/\/lupasantiago.com\/en\/bio\/"]}]},{"@type":"BreadcrumbList","@id":"https:\/\/lupasantiago.com\/en\/bio\/#breadcrumb","itemListElement":[{"@type":"ListItem","position":1,"name":"In\u00edcio","item":"https:\/\/lupasantiago.com\/en\/home\/"},{"@type":"ListItem","position":2,"name":"Bio"}]},{"@type":"WebSite","@id":"https:\/\/lupasantiago.com\/en\/#website","url":"https:\/\/lupasantiago.com\/en\/","name":"Lupa Santiago","description":"Jazz guitar","potentialAction":[{"@type":"SearchAction","target":{"@type":"EntryPoint","urlTemplate":"https:\/\/lupasantiago.com\/en\/?s={search_term_string}"},"query-input":{"@type":"PropertyValueSpecification","valueRequired":true,"valueName":"search_term_string"}}],"inLanguage":"en-US"}]}},"_links":{"self":[{"href":"https:\/\/lupasantiago.com\/en\/wp-json\/wp\/v2\/pages\/1910","targetHints":{"allow":["GET"]}}],"collection":[{"href":"https:\/\/lupasantiago.com\/en\/wp-json\/wp\/v2\/pages"}],"about":[{"href":"https:\/\/lupasantiago.com\/en\/wp-json\/wp\/v2\/types\/page"}],"author":[{"embeddable":true,"href":"https:\/\/lupasantiago.com\/en\/wp-json\/wp\/v2\/users\/15"}],"replies":[{"embeddable":true,"href":"https:\/\/lupasantiago.com\/en\/wp-json\/wp\/v2\/comments?post=1910"}],"version-history":[{"count":0,"href":"https:\/\/lupasantiago.com\/en\/wp-json\/wp\/v2\/pages\/1910\/revisions"}],"wp:attachment":[{"href":"https:\/\/lupasantiago.com\/en\/wp-json\/wp\/v2\/media?parent=1910"}],"curies":[{"name":"wp","href":"https:\/\/api.w.org\/{rel}","templated":true}]}}